{"id":233,"date":"2018-04-13T07:14:54","date_gmt":"2018-04-13T07:14:54","guid":{"rendered":"http:\/\/ingbergmann.de\/?page_id=233"},"modified":"2018-04-26T11:52:01","modified_gmt":"2018-04-26T11:52:01","slug":"ingenieurbuero-bergmann","status":"publish","type":"page","link":"https:\/\/ingbergmann.de\/","title":{"rendered":"Ingenieurb\u00fcro Bergmann"},"content":{"rendered":"<div id=\"pl-233\"  class=\"panel-layout\" ><div id=\"pg-233-0\"  class=\"panel-grid panel-no-style\" ><div id=\"pgc-233-0-0\"  class=\"panel-grid-cell\" ><div id=\"panel-233-0-0-0\" class=\"so-panel widget widget_text panel-first-child panel-last-child\" data-index=\"0\" ><div class=\"panel-widget-style panel-widget-style-for-233-0-0-0\" >\t\t\t<div class=\"textwidget\"><p>Als Nachweisberechtigter gem\u00e4\u00df NBVO erstellen wir statische Berechnungen, vorwiegend im Hochbau, Schal- und Bewehrungspl\u00e4ne sowie W\u00e4rme- und Schallschutznachweise.<\/p>\n<p>Im Weiteren umfasst unser T\u00e4tigkeitsfeld die Pr\u00fcfung von Standsicherheitsnachweisen und Ausf\u00fchrungspl\u00e4nen sowie die begleitende \u00dcberwachung von Bauvorhaben im Gebiet Hessen und Rheinland-Pfalz.<\/p>\n<p>Anfang der 1970er Jahre gr\u00fcndete Dipl.-Ing. Hans Bergmann das Ingenieurb\u00fcro Bergmann, das sein Sohn Dipl.-Ing. Thomas Bergmann seit 2000 weiterf\u00fchrt. Dipl.-Ing. Thomas Bergmann ist seit September 2000 anerkannter Pr\u00fcfingenieur f\u00fcr Baustatik im Fachbereich Massivbau.<\/p>\n<p><a href=\"http:\/\/ingbergmann.de\/?page_id=162\">Kontaktieren<\/a> Sie uns gerne, wenn Sie weitere Fragen oder Anliegen haben.<\/p>\n<\/div>\n\t\t<\/div><\/div><\/div><\/div><\/div>","protected":false},"excerpt":{"rendered":"<p>Als Nachweisberechtigter gem\u00e4\u00df NBVO erstellen wir statische Berechnungen, vorwiegend im Hochbau, Schal- und Bewehrungspl\u00e4ne sowie W\u00e4rme- und Schallschutznachweise. Im Weiteren umfasst unser T\u00e4tigkeitsfeld die Pr\u00fcfung von Standsicherheitsnachweisen und Ausf\u00fchrungspl\u00e4nen sowie die begleitende \u00dcberwachung von Bauvorhaben<a class=\"moretag\" href=\"https:\/\/ingbergmann.de\/\"> Weiterlesen&nbsp;&hellip;<\/a><\/p>\n","protected":false},"author":1,"featured_media":0,"parent":0,"menu_order":0,"comment_status":"closed","ping_status":"closed","template":"","meta":{"footnotes":""},"class_list":["post-233","page","type-page","status-publish","hentry"],"_links":{"self":[{"href":"https:\/\/ingbergmann.de\/index.php?rest_route=\/wp\/v2\/pages\/233","targetHints":{"allow":["GET"]}}],"collection":[{"href":"https:\/\/ingbergmann.de\/index.php?rest_route=\/wp\/v2\/pages"}],"about":[{"href":"https:\/\/ingbergmann.de\/index.php?rest_route=\/wp\/v2\/types\/page"}],"author":[{"embeddable":true,"href":"https:\/\/ingbergmann.de\/index.php?rest_route=\/wp\/v2\/users\/1"}],"replies":[{"embeddable":true,"href":"https:\/\/ingbergmann.de\/index.php?rest_route=%2Fwp%2Fv2%2Fcomments&post=233"}],"version-history":[{"count":27,"href":"https:\/\/ingbergmann.de\/index.php?rest_route=\/wp\/v2\/pages\/233\/revisions"}],"predecessor-version":[{"id":379,"href":"https:\/\/ingbergmann.de\/index.php?rest_route=\/wp\/v2\/pages\/233\/revisions\/379"}],"wp:attachment":[{"href":"https:\/\/ingbergmann.de\/index.php?rest_route=%2Fwp%2Fv2%2Fmedia&parent=233"}],"curies":[{"name":"wp","href":"https:\/\/api.w.org\/{rel}","templated":true}]}}