{"id":141,"date":"2018-04-13T07:14:54","date_gmt":"2018-04-13T07:14:54","guid":{"rendered":"http:\/\/ingbergmann.de\/?page_id=141"},"modified":"2018-04-26T10:09:38","modified_gmt":"2018-04-26T10:09:38","slug":"impressum","status":"publish","type":"page","link":"https:\/\/ingbergmann.de\/?page_id=141","title":{"rendered":"Impressum"},"content":{"rendered":"<p>Verantwortlich f\u00fcr den Inhalt: Dipl.-Ing. Thomas Bergmann<br \/>\nWebdesign: Bj\u00f6rn Bothe, M. Sc.<\/p>\n<p>Haftungsausschluss:<br \/>\nWir pr\u00fcfen und aktualisieren die Informationen auf unserer Webseite regelm\u00e4\u00dfig.\u00a0Trotz aller Sorgfalt k\u00f6nnen sich die Daten zwischenzeitlich ver\u00e4ndert haben. Eine Haftung f\u00fcr die Aktualit\u00e4t, Richtigkeit und Vollst\u00e4ndigkeit der Informationen kann daher nicht \u00fcbernommen werden.<\/p>\n","protected":false},"excerpt":{"rendered":"<p>Verantwortlich f\u00fcr den Inhalt: Dipl.-Ing. Thomas Bergmann Webdesign: Bj\u00f6rn Bothe, M. Sc. Haftungsausschluss: Wir pr\u00fcfen und aktualisieren die Informationen auf unserer Webseite regelm\u00e4\u00dfig.\u00a0Trotz aller Sorgfalt k\u00f6nnen sich die Daten zwischenzeitlich ver\u00e4ndert haben. Eine Haftung f\u00fcr<a class=\"moretag\" href=\"https:\/\/ingbergmann.de\/?page_id=141\"> Weiterlesen&nbsp;&hellip;<\/a><\/p>\n","protected":false},"author":1,"featured_media":0,"parent":0,"menu_order":0,"comment_status":"closed","ping_status":"closed","template":"","meta":{"footnotes":""},"class_list":["post-141","page","type-page","status-publish","hentry"],"_links":{"self":[{"href":"https:\/\/ingbergmann.de\/index.php?rest_route=\/wp\/v2\/pages\/141","targetHints":{"allow":["GET"]}}],"collection":[{"href":"https:\/\/ingbergmann.de\/index.php?rest_route=\/wp\/v2\/pages"}],"about":[{"href":"https:\/\/ingbergmann.de\/index.php?rest_route=\/wp\/v2\/types\/page"}],"author":[{"embeddable":true,"href":"https:\/\/ingbergmann.de\/index.php?rest_route=\/wp\/v2\/users\/1"}],"replies":[{"embeddable":true,"href":"https:\/\/ingbergmann.de\/index.php?rest_route=%2Fwp%2Fv2%2Fcomments&post=141"}],"version-history":[{"count":4,"href":"https:\/\/ingbergmann.de\/index.php?rest_route=\/wp\/v2\/pages\/141\/revisions"}],"predecessor-version":[{"id":346,"href":"https:\/\/ingbergmann.de\/index.php?rest_route=\/wp\/v2\/pages\/141\/revisions\/346"}],"wp:attachment":[{"href":"https:\/\/ingbergmann.de\/index.php?rest_route=%2Fwp%2Fv2%2Fmedia&parent=141"}],"curies":[{"name":"wp","href":"https:\/\/api.w.org\/{rel}","templated":true}]}}